{"id":3114,"date":"2019-11-28T05:15:30","date_gmt":"2019-11-28T05:15:30","guid":{"rendered":"http:\/\/iccit.org.bd\/2019\/?page_id=3114"},"modified":"2019-12-06T10:36:15","modified_gmt":"2019-12-06T10:36:15","slug":"prof-dr-salekul-islam","status":"publish","type":"page","link":"https:\/\/iccit.org.bd\/2019\/speakers\/prof-dr-salekul-islam\/","title":{"rendered":"Prof. Salekul Islam, PhD"},"content":{"rendered":"<p>[vc_row][vc_column][vc_column_text]<\/p>\n<div class=\"col-md-4\" style=\"padding-left: 0;\"><img decoding=\"async\" src=\"\/2019\/wp-content\/uploads\/2019\/11\/Prof-Salekul.jpg\" width=\"94%\" height=\"auto\" \/><\/div>\n<p>&nbsp;<\/p>\n<p><strong>Short Biography:<br \/>\n<\/strong><\/p>\n<p style=\"text-align: justify;\">Prof. Dr. Salekul Islam is a Professor and the Head of the Computer Science and Engineering (CSE) Department of United International University (UIU), Dhaka, Bangladesh. Before joining UIU, he worked as an Assistant Professor at North South University, Bangladesh. He also worked as an FRQNT Postdoctoral Fellow at the \u00c9nergie, Mat\u00e9riaux et T\u00e9l\u00e9communications (EMT) center of Institut national de la recherche scientifique (INRS), Montr\u00e9al, Canada where his adviser was Dr. Jean-Charles Gr\u00e9goire. He completed his PhD in June 2008 from Computer Science and Software Engineering Department of Concordia University, Canada under the supervision of Dr. J William Atwood. Before that he received his BSc Engineering degree in Computer Science and Engineering Department of Bangladesh University of Engineering and Technology (BUET).<\/p>\n<p>[\/vc_column_text][\/vc_column][\/vc_row]<\/p>\n","protected":false},"excerpt":{"rendered":"<p>[vc_row][vc_column][vc_column_text] &nbsp; Short Biography: Prof. Dr. Salekul Islam is a Professor and the Head of the Computer Science and Engineering (CSE) Department of United International University (UIU), Dhaka, Bangladesh. Before joining UIU, he worked as an Assistant Professor at North South University, Bangladesh. He also worked as an FRQNT Postdoctoral Fellow at the \u00c9nergie, Mat\u00e9riaux [&hellip;]<\/p>\n","protected":false},"author":1,"featured_media":0,"parent":2742,"menu_order":0,"comment_status":"closed","ping_status":"closed","template":"","meta":{"footnotes":""},"class_list":["post-3114","page","type-page","status-publish","hentry"],"_links":{"self":[{"href":"https:\/\/iccit.org.bd\/2019\/wp-json\/wp\/v2\/pages\/3114","targetHints":{"allow":["GET"]}}],"collection":[{"href":"https:\/\/iccit.org.bd\/2019\/wp-json\/wp\/v2\/pages"}],"about":[{"href":"https:\/\/iccit.org.bd\/2019\/wp-json\/wp\/v2\/types\/page"}],"author":[{"embeddable":true,"href":"https:\/\/iccit.org.bd\/2019\/wp-json\/wp\/v2\/users\/1"}],"replies":[{"embeddable":true,"href":"https:\/\/iccit.org.bd\/2019\/wp-json\/wp\/v2\/comments?post=3114"}],"version-history":[{"count":4,"href":"https:\/\/iccit.org.bd\/2019\/wp-json\/wp\/v2\/pages\/3114\/revisions"}],"predecessor-version":[{"id":3182,"href":"https:\/\/iccit.org.bd\/2019\/wp-json\/wp\/v2\/pages\/3114\/revisions\/3182"}],"up":[{"embeddable":true,"href":"https:\/\/iccit.org.bd\/2019\/wp-json\/wp\/v2\/pages\/2742"}],"wp:attachment":[{"href":"https:\/\/iccit.org.bd\/2019\/wp-json\/wp\/v2\/media?parent=3114"}],"curies":[{"name":"wp","href":"https:\/\/api.w.org\/{rel}","templated":true}]}}